{"id":2138,"date":"2023-05-12T10:22:08","date_gmt":"2023-05-12T10:22:08","guid":{"rendered":"https:\/\/bluvari.it\/die-geschichte\/"},"modified":"2026-03-24T07:20:35","modified_gmt":"2026-03-24T07:20:35","slug":"die-geschichte","status":"publish","type":"page","link":"https:\/\/bluvari.it\/de\/die-geschichte\/","title":{"rendered":"DIE GESCHICHTE"},"content":{"rendered":"\t\t<div data-elementor-type=\"wp-page\" data-elementor-id=\"2138\" class=\"elementor elementor-2138 elementor-474\" data-elementor-post-type=\"page\">\n\t\t\t\t<div class=\"elementor-element elementor-element-2de8ecc6 e-flex e-con-boxed e-con e-parent\" data-id=\"2de8ecc6\" data-element_type=\"container\" data-e-type=\"container\" data-settings=\"{&quot;background_background&quot;:&quot;classic&quot;}\">\n\t\t\t\t\t<div class=\"e-con-inner\">\n\t\t\t\t\t<\/div>\n\t\t\t\t<\/div>\n\t\t<div class=\"elementor-element elementor-element-7adf8b33 e-con-full e-flex e-con e-parent\" data-id=\"7adf8b33\" data-element_type=\"container\" data-e-type=\"container\">\n\t\t<div class=\"elementor-element elementor-element-53efcbb8 e-con-full e-flex e-con e-child\" data-id=\"53efcbb8\" data-element_type=\"container\" data-e-type=\"container\">\n\t\t\t\t<div class=\"elementor-element elementor-element-7d8cf186 elementor-hidden-tablet elementor-hidden-mobile_extra elementor-hidden-mobile elementor-widget elementor-widget-spacer\" data-id=\"7d8cf186\" data-element_type=\"widget\" data-e-type=\"widget\" data-widget_type=\"spacer.default\">\n\t\t\t\t<div class=\"elementor-widget-container\">\n\t\t\t\t\t\t\t<div class=\"elementor-spacer\">\n\t\t\t<div class=\"elementor-spacer-inner\"><\/div>\n\t\t<\/div>\n\t\t\t\t\t\t<\/div>\n\t\t\t\t<\/div>\n\t\t\t\t<div class=\"elementor-element elementor-element-6dc367ee elementor-widget elementor-widget-heading\" data-id=\"6dc367ee\" data-element_type=\"widget\" data-e-type=\"widget\" data-widget_type=\"heading.default\">\n\t\t\t\t<div class=\"elementor-widget-container\">\n\t\t\t\t\t<h1 class=\"elementor-heading-title elementor-size-default\">Die Geschichte<\/h1>\t\t\t\t<\/div>\n\t\t\t\t<\/div>\n\t\t\t\t<div class=\"elementor-element elementor-element-1ce6e441 elementor-widget-divider--view-line elementor-widget elementor-widget-divider\" data-id=\"1ce6e441\" data-element_type=\"widget\" data-e-type=\"widget\" data-widget_type=\"divider.default\">\n\t\t\t\t<div class=\"elementor-widget-container\">\n\t\t\t\t\t\t\t<div class=\"elementor-divider\">\n\t\t\t<span class=\"elementor-divider-separator\">\n\t\t\t\t\t\t<\/span>\n\t\t<\/div>\n\t\t\t\t\t\t<\/div>\n\t\t\t\t<\/div>\n\t\t\t\t<div class=\"elementor-element elementor-element-6c232057 elementor-widget elementor-widget-heading\" data-id=\"6c232057\" data-element_type=\"widget\" data-e-type=\"widget\" data-widget_type=\"heading.default\">\n\t\t\t\t<div class=\"elementor-widget-container\">\n\t\t\t\t\t<h2 class=\"elementor-heading-title elementor-size-default\">Eine zauberhafte Unterkunft <br>voller Geschichte<\/h2>\t\t\t\t<\/div>\n\t\t\t\t<\/div>\n\t\t\t\t<div class=\"elementor-element elementor-element-5a082292 elementor-widget elementor-widget-text-editor\" data-id=\"5a082292\" data-element_type=\"widget\" data-e-type=\"widget\" data-widget_type=\"text-editor.default\">\n\t\t\t\t<div class=\"elementor-widget-container\">\n\t\t\t\t\t\t\t\t\t<p>Die Geschichte von Bluvar\u00ec Charming House geht bis auf das ausgehende 19. Jahrhundert zur\u00fcck: Auf den gr\u00fcnen Seeh\u00f6hen, 380 Meter \u00fcber dem Golf von <strong>Alassio<\/strong>, der <strong>Baia del Sole<\/strong>, er\u00f6ffnet es Dir den Blick auf den antiken Befestigungsturm Del Vegliasco aus dem 16.Jahrhundert, dem heutigen Wahrzeichen von Alassio.<\/p>\n<p>Den Namen &#8222;<strong>Bluvar\u00ec<\/strong>&#8220; haben wir selbst erfunden. Er setzt sich zusammen aus dem Ortsnamen &#8222;Luvar\u00ec&#8220;, &#8211; und &#8222;Blu&#8220;- diesem intensiven Azurblau &#8211; so unendlich wie das Meer.<\/p>\n<p>Du befindest Dich hier in einem der \u00e4ltesten H\u00e4user dieses charakteristischen, kleinen Borgos, umgeben von Steineichen, Buchen und der duftenden mediterranen K\u00fcstenvegetation.<\/p>\n<p>Urspr\u00fcnglich war Bluvar\u00ec Charming House <strong>ein flaches Landhaus aus Holz und Stein,<\/strong> im typisch ligurischen Baustil, <strong>wie es von den Hirten zum Unterschlupf f\u00fcr Mensch und Tier,<\/strong> w\u00e4hrend der Weide-, oder Trauben- und Olivenerntezeit in den terrassenartigen Bergh\u00e4ngen, der sogenannten &#8222;fasce&#8220; dieser Region benutzt wurde.<\/p>\n\t\t\t\t\t\t\t\t<\/div>\n\t\t\t\t<\/div>\n\t\t\t\t<div class=\"elementor-element elementor-element-4c3dfea0 elementor-widget elementor-widget-button\" data-id=\"4c3dfea0\" data-element_type=\"widget\" data-e-type=\"widget\" data-widget_type=\"button.default\">\n\t\t\t\t<div class=\"elementor-widget-container\">\n\t\t\t\t\t\t\t\t\t<div class=\"elementor-button-wrapper\">\n\t\t\t\t\t<a class=\"elementor-button elementor-button-link elementor-size-sm elementor-animation-shrink\" href=\"https:\/\/bluvari.it\/de\/buchen\/\" target=\"_blank\">\n\t\t\t\t\t\t<span class=\"elementor-button-content-wrapper\">\n\t\t\t\t\t\t\t\t\t<span class=\"elementor-button-text\">JETZT BUCHEN <\/span>\n\t\t\t\t\t<\/span>\n\t\t\t\t\t<\/a>\n\t\t\t\t<\/div>\n\t\t\t\t\t\t\t\t<\/div>\n\t\t\t\t<\/div>\n\t\t\t\t<div class=\"elementor-element elementor-element-4166f5fd elementor-hidden-tablet elementor-hidden-mobile_extra elementor-hidden-mobile elementor-widget elementor-widget-spacer\" data-id=\"4166f5fd\" data-element_type=\"widget\" data-e-type=\"widget\" data-widget_type=\"spacer.default\">\n\t\t\t\t<div class=\"elementor-widget-container\">\n\t\t\t\t\t\t\t<div class=\"elementor-spacer\">\n\t\t\t<div class=\"elementor-spacer-inner\"><\/div>\n\t\t<\/div>\n\t\t\t\t\t\t<\/div>\n\t\t\t\t<\/div>\n\t\t\t\t<\/div>\n\t\t<div class=\"elementor-element elementor-element-2a6b9b52 e-con-full elementor-hidden-mobile e-flex e-con e-child\" data-id=\"2a6b9b52\" data-element_type=\"container\" data-e-type=\"container\" data-settings=\"{&quot;background_background&quot;:&quot;classic&quot;}\">\n\t\t\t\t<\/div>\n\t\t\t\t<\/div>\n\t\t<div class=\"elementor-element elementor-element-81b637b e-con-full e-flex e-con e-parent\" data-id=\"81b637b\" data-element_type=\"container\" data-e-type=\"container\" data-settings=\"{&quot;background_background&quot;:&quot;classic&quot;}\">\n\t\t\t\t<div class=\"elementor-element elementor-element-51dfc50b elementor-widget-mobile__width-inherit elementor-widget__width-initial elementor-widget elementor-widget-heading\" data-id=\"51dfc50b\" data-element_type=\"widget\" data-e-type=\"widget\" data-widget_type=\"heading.default\">\n\t\t\t\t<div class=\"elementor-widget-container\">\n\t\t\t\t\t<h2 class=\"elementor-heading-title elementor-size-default\">Modernit\u00e4t und Tradition<\/h2>\t\t\t\t<\/div>\n\t\t\t\t<\/div>\n\t\t\t\t<\/div>\n\t\t<div class=\"elementor-element elementor-element-cbd2786 e-con-full e-flex e-con e-parent\" data-id=\"cbd2786\" data-element_type=\"container\" data-e-type=\"container\">\n\t\t<div class=\"elementor-element elementor-element-55851e3 e-con-full elementor-hidden-mobile e-flex e-con e-child\" data-id=\"55851e3\" data-element_type=\"container\" data-e-type=\"container\" data-settings=\"{&quot;background_background&quot;:&quot;classic&quot;}\">\n\t\t\t\t<\/div>\n\t\t<div class=\"elementor-element elementor-element-2c906cbf e-con-full e-flex e-con e-child\" data-id=\"2c906cbf\" data-element_type=\"container\" data-e-type=\"container\">\n\t\t\t\t<div class=\"elementor-element elementor-element-4f4f0a6a elementor-hidden-tablet elementor-hidden-mobile_extra elementor-hidden-mobile elementor-widget elementor-widget-spacer\" data-id=\"4f4f0a6a\" data-element_type=\"widget\" data-e-type=\"widget\" data-widget_type=\"spacer.default\">\n\t\t\t\t<div class=\"elementor-widget-container\">\n\t\t\t\t\t\t\t<div class=\"elementor-spacer\">\n\t\t\t<div class=\"elementor-spacer-inner\"><\/div>\n\t\t<\/div>\n\t\t\t\t\t\t<\/div>\n\t\t\t\t<\/div>\n\t\t\t\t<div class=\"elementor-element elementor-element-43789f96 elementor-widget__width-initial elementor-widget-mobile_extra__width-inherit elementor-widget elementor-widget-heading\" data-id=\"43789f96\" data-element_type=\"widget\" data-e-type=\"widget\" data-widget_type=\"heading.default\">\n\t\t\t\t<div class=\"elementor-widget-container\">\n\t\t\t\t\t<h2 class=\"elementor-heading-title elementor-size-default\">Ein ligurisches Landhaus mit Meeresblick umgeben von sanften Olivenhainen<\/h2>\t\t\t\t<\/div>\n\t\t\t\t<\/div>\n\t\t\t\t<div class=\"elementor-element elementor-element-46ff52f6 elementor-widget-divider--view-line elementor-widget elementor-widget-divider\" data-id=\"46ff52f6\" data-element_type=\"widget\" data-e-type=\"widget\" data-widget_type=\"divider.default\">\n\t\t\t\t<div class=\"elementor-widget-container\">\n\t\t\t\t\t\t\t<div class=\"elementor-divider\">\n\t\t\t<span class=\"elementor-divider-separator\">\n\t\t\t\t\t\t<\/span>\n\t\t<\/div>\n\t\t\t\t\t\t<\/div>\n\t\t\t\t<\/div>\n\t\t\t\t<div class=\"elementor-element elementor-element-121d31a8 elementor-widget elementor-widget-text-editor\" data-id=\"121d31a8\" data-element_type=\"widget\" data-e-type=\"widget\" data-widget_type=\"text-editor.default\">\n\t\t\t\t<div class=\"elementor-widget-container\">\n\t\t\t\t\t\t\t\t\t<p>Das Grundst\u00fcck rund um das Bluvar\u00ec Charming House besteht aus <strong>terrassenf\u00f6rmigen<\/strong> 3.500 Quadratmetern, die durch die Zeit immer bewirtschaft waren. Dank der g\u00fcnstigen Position ist das Land das ganze Jahr hindurch sonnendurchflutet und windgesch\u00fctzt, sodass Oliven- und Weinanbau, sowie Obst- und Gem\u00fcse bestens gedeihen.<\/p>\n<p>Wir freuen uns dazu beigetragen zu haben, die \u00fcber 200 jahrealten <strong>Olivenb\u00e4ume<\/strong> in den Hainen zu erhalten. Noch heute geben sie wertvolles native Oliven\u00f6l extra, das wir alle so lieben. Unsere G\u00e4ste k\u00f6nnen sich in unserem duftenden <strong>Lavendel-<\/strong>, <strong>Orangen-<\/strong> und <strong>Zitronengarten<\/strong> wohlf\u00fchlen und die Zeit genie\u00dfen. Die alten Weinranken, die wir liebevoll wiederbelebt haben, wachsen idyllisch die Pergola hoch.<\/p>\n<p>Wir waren von der Idee begeistert, dieses 150 jahrealte Steinhaus zu neuem Leben zu bringen: Deshalb wurde unsere <strong>Restaurierung<\/strong> <strong>\u00f6kologisch<\/strong> nachhaltig realisiert und der urspr\u00fcngliche Charakter des Hauses blieb bewahrt.<\/p>\n<p>Es war uns wichtig, die <strong>rustikale Sch\u00f6nheit<\/strong> der Lokalit\u00e4t zu bewahren: Die originale Architektur und die schon vorhandenen Materialien. Im Laufe der Restrukturierung haben wir viele Bauelemente, wie lokale, gro\u00dfe Natursteine, Schiefer, Schmiedeeisen und Holz aus dem alten Geb\u00e4ude wiederverwerten k\u00f6nnen. Ihre <strong>traditionsreiche Atmosph\u00e4re<\/strong> und ihr Zauber sollten sich harmonisch mit der Modernit\u00e4t unseres heutigen Wohnstandards verbinden.<\/p>\n\t\t\t\t\t\t\t\t<\/div>\n\t\t\t\t<\/div>\n\t\t\t\t<div class=\"elementor-element elementor-element-bbdae18 elementor-widget elementor-widget-text-editor\" data-id=\"bbdae18\" data-element_type=\"widget\" data-e-type=\"widget\" data-widget_type=\"text-editor.default\">\n\t\t\t\t<div class=\"elementor-widget-container\">\n\t\t\t\t\t\t\t\t\t<p><a href=\"https:\/\/bluvari.it\/de\/haus\/\">Entdecke das Haus &gt;&gt;<\/a><\/p>\n\t\t\t\t\t\t\t\t<\/div>\n\t\t\t\t<\/div>\n\t\t\t\t<div class=\"elementor-element elementor-element-6cac5f86 elementor-hidden-tablet elementor-hidden-mobile_extra elementor-hidden-mobile elementor-widget elementor-widget-spacer\" data-id=\"6cac5f86\" data-element_type=\"widget\" data-e-type=\"widget\" data-widget_type=\"spacer.default\">\n\t\t\t\t<div class=\"elementor-widget-container\">\n\t\t\t\t\t\t\t<div class=\"elementor-spacer\">\n\t\t\t<div class=\"elementor-spacer-inner\"><\/div>\n\t\t<\/div>\n\t\t\t\t\t\t<\/div>\n\t\t\t\t<\/div>\n\t\t\t\t<\/div>\n\t\t\t\t<\/div>\n\t\t<div class=\"elementor-element elementor-element-7b09ef9b e-con-full elementor-hidden-desktop elementor-hidden-laptop elementor-hidden-tablet_extra elementor-hidden-tablet elementor-hidden-mobile_extra e-flex e-con e-parent\" data-id=\"7b09ef9b\" data-element_type=\"container\" data-e-type=\"container\" data-settings=\"{&quot;background_background&quot;:&quot;classic&quot;}\">\n\t\t\t\t<div class=\"elementor-element elementor-element-6f9beab7 elementor-widget elementor-widget-spacer\" data-id=\"6f9beab7\" data-element_type=\"widget\" data-e-type=\"widget\" data-widget_type=\"spacer.default\">\n\t\t\t\t<div class=\"elementor-widget-container\">\n\t\t\t\t\t\t\t<div class=\"elementor-spacer\">\n\t\t\t<div class=\"elementor-spacer-inner\"><\/div>\n\t\t<\/div>\n\t\t\t\t\t\t<\/div>\n\t\t\t\t<\/div>\n\t\t\t\t<\/div>\n\t\t<div class=\"elementor-element elementor-element-75ddffb e-con-full e-flex e-con e-parent\" data-id=\"75ddffb\" data-element_type=\"container\" data-e-type=\"container\" data-settings=\"{&quot;background_background&quot;:&quot;classic&quot;}\">\n\t\t<div class=\"elementor-element elementor-element-5d9c949a e-con-full e-flex e-con e-child\" data-id=\"5d9c949a\" data-element_type=\"container\" data-e-type=\"container\">\n\t\t\t\t<div class=\"elementor-element elementor-element-37c7e564 elementor-hidden-tablet elementor-hidden-mobile_extra elementor-hidden-mobile elementor-widget elementor-widget-spacer\" data-id=\"37c7e564\" data-element_type=\"widget\" data-e-type=\"widget\" data-widget_type=\"spacer.default\">\n\t\t\t\t<div class=\"elementor-widget-container\">\n\t\t\t\t\t\t\t<div class=\"elementor-spacer\">\n\t\t\t<div class=\"elementor-spacer-inner\"><\/div>\n\t\t<\/div>\n\t\t\t\t\t\t<\/div>\n\t\t\t\t<\/div>\n\t\t\t\t<div class=\"elementor-element elementor-element-34c51af8 elementor-widget__width-initial elementor-widget-mobile_extra__width-inherit elementor-widget elementor-widget-heading\" data-id=\"34c51af8\" data-element_type=\"widget\" data-e-type=\"widget\" data-widget_type=\"heading.default\">\n\t\t\t\t<div class=\"elementor-widget-container\">\n\t\t\t\t\t<h2 class=\"elementor-heading-title elementor-size-default\">Zwischen Modernit\u00e4t und Tradition: Ein ehrw\u00fcrdiges, l\u00e4ndliches Geb\u00e4ude mit Nachhaltigkeit zu neuem Leben erweckt<\/h2>\t\t\t\t<\/div>\n\t\t\t\t<\/div>\n\t\t\t\t<div class=\"elementor-element elementor-element-a92fc9e elementor-widget-divider--view-line elementor-widget elementor-widget-divider\" data-id=\"a92fc9e\" data-element_type=\"widget\" data-e-type=\"widget\" data-widget_type=\"divider.default\">\n\t\t\t\t<div class=\"elementor-widget-container\">\n\t\t\t\t\t\t\t<div class=\"elementor-divider\">\n\t\t\t<span class=\"elementor-divider-separator\">\n\t\t\t\t\t\t<\/span>\n\t\t<\/div>\n\t\t\t\t\t\t<\/div>\n\t\t\t\t<\/div>\n\t\t\t\t<div class=\"elementor-element elementor-element-40751880 elementor-widget elementor-widget-text-editor\" data-id=\"40751880\" data-element_type=\"widget\" data-e-type=\"widget\" data-widget_type=\"text-editor.default\">\n\t\t\t\t<div class=\"elementor-widget-container\">\n\t\t\t\t\t\t\t\t\t<p>Wir haben <strong>antike Elemente<\/strong> zu neuem Glanz gebracht: die alten Steinwanne, die Sonnenuhr, die Terracotta und Steinskulpturen, landwirtschaftliche ligurische Gef\u00e4\u00dfe und einige M\u00f6belst\u00fccke. Auf dem weiten, terrassenf\u00f6rmigen Landbesitz lassen sich sogar zwei alte Steinbrunnen mitten im Gr\u00fcnen entdecken, die romantische Gef\u00fchle wecken&#8230;<\/p>\n<p>Die Eingangst\u00fcr und die Fensterl\u00e4den von Bluvar\u00ec Charming House sind sympathisch <strong>himmelblau<\/strong>, im Einklang mit der ligurischen Tradition der farbigen Fensterl\u00e4den. &#8222;Blu&#8220; wie der Himmel und das Meer.<\/p>\n<p>Bluvar\u00ec Charming House ist heute eine Luxusresidenz, die ihren <strong>rustikalen Charme<\/strong> mit modernstem Komfort und \u00f6kologischer Nachhaltigkeit verbindet.<\/p>\n\t\t\t\t\t\t\t\t<\/div>\n\t\t\t\t<\/div>\n\t\t\t\t<div class=\"elementor-element elementor-element-449913aa elementor-hidden-tablet elementor-hidden-mobile_extra elementor-hidden-mobile elementor-widget elementor-widget-spacer\" data-id=\"449913aa\" data-element_type=\"widget\" data-e-type=\"widget\" data-widget_type=\"spacer.default\">\n\t\t\t\t<div class=\"elementor-widget-container\">\n\t\t\t\t\t\t\t<div class=\"elementor-spacer\">\n\t\t\t<div class=\"elementor-spacer-inner\"><\/div>\n\t\t<\/div>\n\t\t\t\t\t\t<\/div>\n\t\t\t\t<\/div>\n\t\t\t\t<\/div>\n\t\t<div class=\"elementor-element elementor-element-6790eb37 e-con-full e-flex e-con e-child\" data-id=\"6790eb37\" data-element_type=\"container\" data-e-type=\"container\" data-settings=\"{&quot;background_background&quot;:&quot;classic&quot;}\">\n\t\t\t\t<div class=\"elementor-element elementor-element-76460a37 elementor-hidden-desktop elementor-hidden-laptop elementor-hidden-tablet_extra elementor-hidden-tablet elementor-hidden-mobile_extra elementor-widget elementor-widget-spacer\" data-id=\"76460a37\" data-element_type=\"widget\" data-e-type=\"widget\" data-widget_type=\"spacer.default\">\n\t\t\t\t<div class=\"elementor-widget-container\">\n\t\t\t\t\t\t\t<div class=\"elementor-spacer\">\n\t\t\t<div class=\"elementor-spacer-inner\"><\/div>\n\t\t<\/div>\n\t\t\t\t\t\t<\/div>\n\t\t\t\t<\/div>\n\t\t\t\t<\/div>\n\t\t\t\t<\/div>\n\t\t<div class=\"elementor-element elementor-element-08b5cae e-con-full e-flex e-con e-parent\" data-id=\"08b5cae\" data-element_type=\"container\" data-e-type=\"container\">\n\t\t<div class=\"elementor-element elementor-element-49771c5 e-con-full e-flex e-con e-child\" data-id=\"49771c5\" data-element_type=\"container\" data-e-type=\"container\">\n\t\t\t\t<div class=\"elementor-element elementor-element-c0592a4 gallery-spacing-custom elementor-invisible elementor-widget elementor-widget-image-gallery\" data-id=\"c0592a4\" data-element_type=\"widget\" data-e-type=\"widget\" data-settings=\"{&quot;_animation&quot;:&quot;fadeIn&quot;}\" data-widget_type=\"image-gallery.default\">\n\t\t\t\t<div class=\"elementor-widget-container\">\n\t\t\t\t\t\t\t<div class=\"elementor-image-gallery\">\n\t\t\t<div id='gallery-1' class='gallery galleryid-2138 gallery-columns-4 gallery-size-full'><figure class='gallery-item'>\n\t\t\t<div class='gallery-icon portrait'>\n\t\t\t\t<a data-elementor-open-lightbox=\"yes\" data-elementor-lightbox-slideshow=\"c0592a4\" data-e-action-hash=\"#elementor-action%3Aaction%3Dlightbox%26settings%3DeyJpZCI6MTk3OCwidXJsIjoiaHR0cHM6XC9cL2JsdXZhcmkuaXRcL3dwLWNvbnRlbnRcL3VwbG9hZHNcLzIwMjNcLzA5XC9CbHV2YXJpLWdhbGxlcnktc3RvcmlhLmpwZyIsInNsaWRlc2hvdyI6ImMwNTkyYTQifQ%3D%3D\" href='https:\/\/bluvari.it\/wp-content\/uploads\/2023\/09\/Bluvari-gallery-storia.jpg'><img fetchpriority=\"high\" decoding=\"async\" width=\"800\" height=\"1200\" src=\"https:\/\/bluvari.it\/wp-content\/uploads\/2023\/09\/Bluvari-gallery-storia.jpg\" class=\"attachment-full size-full\" alt=\"\" srcset=\"https:\/\/bluvari.it\/wp-content\/uploads\/2023\/09\/Bluvari-gallery-storia.jpg 800w, https:\/\/bluvari.it\/wp-content\/uploads\/2023\/09\/Bluvari-gallery-storia-200x300.jpg 200w, https:\/\/bluvari.it\/wp-content\/uploads\/2023\/09\/Bluvari-gallery-storia-683x1024.jpg 683w, https:\/\/bluvari.it\/wp-content\/uploads\/2023\/09\/Bluvari-gallery-storia-768x1152.jpg 768w\" sizes=\"(max-width: 800px) 100vw, 800px\" loading=\"eager\" \/><\/a>\n\t\t\t<\/div><\/figure><figure class='gallery-item'>\n\t\t\t<div class='gallery-icon portrait'>\n\t\t\t\t<a data-elementor-open-lightbox=\"yes\" data-elementor-lightbox-slideshow=\"c0592a4\" data-e-action-hash=\"#elementor-action%3Aaction%3Dlightbox%26settings%3DeyJpZCI6MTk3MiwidXJsIjoiaHR0cHM6XC9cL2JsdXZhcmkuaXRcL3dwLWNvbnRlbnRcL3VwbG9hZHNcLzIwMjNcLzA5XC9CbHV2YXJpLWdhbGxlcnktc3RvcmlhMy5qcGciLCJzbGlkZXNob3ciOiJjMDU5MmE0In0%3D\" href='https:\/\/bluvari.it\/wp-content\/uploads\/2023\/09\/Bluvari-gallery-storia3.jpg'><img decoding=\"async\" width=\"800\" height=\"1200\" src=\"https:\/\/bluvari.it\/wp-content\/uploads\/2023\/09\/Bluvari-gallery-storia3.jpg\" class=\"attachment-full size-full\" alt=\"\" srcset=\"https:\/\/bluvari.it\/wp-content\/uploads\/2023\/09\/Bluvari-gallery-storia3.jpg 800w, https:\/\/bluvari.it\/wp-content\/uploads\/2023\/09\/Bluvari-gallery-storia3-200x300.jpg 200w, https:\/\/bluvari.it\/wp-content\/uploads\/2023\/09\/Bluvari-gallery-storia3-683x1024.jpg 683w, https:\/\/bluvari.it\/wp-content\/uploads\/2023\/09\/Bluvari-gallery-storia3-768x1152.jpg 768w\" sizes=\"(max-width: 800px) 100vw, 800px\" loading=\"eager\" \/><\/a>\n\t\t\t<\/div><\/figure><figure class='gallery-item'>\n\t\t\t<div class='gallery-icon portrait'>\n\t\t\t\t<a data-elementor-open-lightbox=\"yes\" data-elementor-lightbox-slideshow=\"c0592a4\" data-e-action-hash=\"#elementor-action%3Aaction%3Dlightbox%26settings%3DeyJpZCI6MjA0NCwidXJsIjoiaHR0cHM6XC9cL2JsdXZhcmkuaXRcL3dwLWNvbnRlbnRcL3VwbG9hZHNcLzIwMjNcLzEwXC9CbHV2YXJpLW51bWVyby5qcGciLCJzbGlkZXNob3ciOiJjMDU5MmE0In0%3D\" href='https:\/\/bluvari.it\/wp-content\/uploads\/2023\/10\/Bluvari-numero.jpg'><img decoding=\"async\" width=\"800\" height=\"1200\" src=\"https:\/\/bluvari.it\/wp-content\/uploads\/2023\/10\/Bluvari-numero.jpg\" class=\"attachment-full size-full\" alt=\"\" srcset=\"https:\/\/bluvari.it\/wp-content\/uploads\/2023\/10\/Bluvari-numero.jpg 800w, https:\/\/bluvari.it\/wp-content\/uploads\/2023\/10\/Bluvari-numero-200x300.jpg 200w, https:\/\/bluvari.it\/wp-content\/uploads\/2023\/10\/Bluvari-numero-683x1024.jpg 683w, https:\/\/bluvari.it\/wp-content\/uploads\/2023\/10\/Bluvari-numero-768x1152.jpg 768w\" sizes=\"(max-width: 800px) 100vw, 800px\" loading=\"eager\" \/><\/a>\n\t\t\t<\/div><\/figure><figure class='gallery-item'>\n\t\t\t<div class='gallery-icon portrait'>\n\t\t\t\t<a data-elementor-open-lightbox=\"yes\" data-elementor-lightbox-slideshow=\"c0592a4\" data-e-action-hash=\"#elementor-action%3Aaction%3Dlightbox%26settings%3DeyJpZCI6MjA0NywidXJsIjoiaHR0cHM6XC9cL2JsdXZhcmkuaXRcL3dwLWNvbnRlbnRcL3VwbG9hZHNcLzIwMjNcLzEwXC9CbHV2YXJpLWRldHRhZ2xpLXRlcnJhenphLmpwZyIsInNsaWRlc2hvdyI6ImMwNTkyYTQifQ%3D%3D\" href='https:\/\/bluvari.it\/wp-content\/uploads\/2023\/10\/Bluvari-dettagli-terrazza.jpg'><img decoding=\"async\" width=\"800\" height=\"1200\" src=\"https:\/\/bluvari.it\/wp-content\/uploads\/2023\/10\/Bluvari-dettagli-terrazza.jpg\" class=\"attachment-full size-full\" alt=\"\" srcset=\"https:\/\/bluvari.it\/wp-content\/uploads\/2023\/10\/Bluvari-dettagli-terrazza.jpg 800w, https:\/\/bluvari.it\/wp-content\/uploads\/2023\/10\/Bluvari-dettagli-terrazza-200x300.jpg 200w, https:\/\/bluvari.it\/wp-content\/uploads\/2023\/10\/Bluvari-dettagli-terrazza-683x1024.jpg 683w, https:\/\/bluvari.it\/wp-content\/uploads\/2023\/10\/Bluvari-dettagli-terrazza-768x1152.jpg 768w\" sizes=\"(max-width: 800px) 100vw, 800px\" loading=\"eager\" \/><\/a>\n\t\t\t<\/div><\/figure>\n\t\t<\/div>\n\t\t<\/div>\n\t\t\t\t\t\t<\/div>\n\t\t\t\t<\/div>\n\t\t\t\t<\/div>\n\t\t\t\t<\/div>\n\t\t\t\t<\/div>\n\t\t","protected":false},"excerpt":{"rendered":"<p>Die Geschichte Eine zauberhafte Unterkunft voller Geschichte Die Geschichte von Bluvar\u00ec Charming House geht bis auf das ausgehende 19. Jahrhundert zur\u00fcck: Auf den gr\u00fcnen Seeh\u00f6hen, 380 Meter \u00fcber dem Golf von Alassio, der Baia del Sole, er\u00f6ffnet es Dir den Blick auf den antiken Befestigungsturm Del Vegliasco aus dem 16.Jahrhundert, dem heutigen Wahrzeichen von Alassio. [&hellip;]<\/p>\n","protected":false},"author":2,"featured_media":0,"parent":0,"menu_order":0,"comment_status":"closed","ping_status":"closed","template":"","meta":{"footnotes":""},"class_list":["post-2138","page","type-page","status-publish","hentry"],"_links":{"self":[{"href":"https:\/\/bluvari.it\/de\/wp-json\/wp\/v2\/pages\/2138","targetHints":{"allow":["GET"]}}],"collection":[{"href":"https:\/\/bluvari.it\/de\/wp-json\/wp\/v2\/pages"}],"about":[{"href":"https:\/\/bluvari.it\/de\/wp-json\/wp\/v2\/types\/page"}],"author":[{"embeddable":true,"href":"https:\/\/bluvari.it\/de\/wp-json\/wp\/v2\/users\/2"}],"replies":[{"embeddable":true,"href":"https:\/\/bluvari.it\/de\/wp-json\/wp\/v2\/comments?post=2138"}],"version-history":[{"count":3,"href":"https:\/\/bluvari.it\/de\/wp-json\/wp\/v2\/pages\/2138\/revisions"}],"predecessor-version":[{"id":3430,"href":"https:\/\/bluvari.it\/de\/wp-json\/wp\/v2\/pages\/2138\/revisions\/3430"}],"wp:attachment":[{"href":"https:\/\/bluvari.it\/de\/wp-json\/wp\/v2\/media?parent=2138"}],"curies":[{"name":"wp","href":"https:\/\/api.w.org\/{rel}","templated":true}]}}