{"id":3156,"date":"2026-02-03T10:39:05","date_gmt":"2026-02-03T10:39:05","guid":{"rendered":"https:\/\/bluvari.it\/reservierungsbestaetigung\/"},"modified":"2026-03-06T13:25:46","modified_gmt":"2026-03-06T13:25:46","slug":"reservierungsbestaetigung","status":"publish","type":"page","link":"https:\/\/bluvari.it\/de\/buchungsbestaetigung\/reservierungsbestaetigung\/","title":{"rendered":"Reservierungsbest\u00e4tigung"},"content":{"rendered":"\t\t<div data-elementor-type=\"wp-page\" data-elementor-id=\"3156\" class=\"elementor elementor-3156 elementor-2781\" data-elementor-post-type=\"page\">\n\t\t\t\t<div class=\"elementor-element elementor-element-2b99b834 e-flex e-con-boxed e-con e-parent\" data-id=\"2b99b834\" data-element_type=\"container\" data-e-type=\"container\">\n\t\t\t\t\t<div class=\"e-con-inner\">\n\t\t\t\t<div class=\"elementor-element elementor-element-7d85aee elementor-widget elementor-widget-heading\" data-id=\"7d85aee\" data-element_type=\"widget\" data-e-type=\"widget\" data-widget_type=\"heading.default\">\n\t\t\t\t<div class=\"elementor-widget-container\">\n\t\t\t\t\t<h2 class=\"elementor-heading-title elementor-size-default\">Vielen Dank f\u00fcr Ihre Buchungsanfrage.<\/h2>\t\t\t\t<\/div>\n\t\t\t\t<\/div>\n\t\t\t\t<div class=\"elementor-element elementor-element-1c99c0e elementor-widget elementor-widget-text-editor\" data-id=\"1c99c0e\" data-element_type=\"widget\" data-e-type=\"widget\" data-widget_type=\"text-editor.default\">\n\t\t\t\t<div class=\"elementor-widget-container\">\n\t\t\t\t\t\t\t\t\t<p>Wir haben Ihre Anfrage erhalten und werden die tats\u00e4chliche Verf\u00fcgbarkeit pr\u00fcfen.<br \/><strong>Wir werden Sie innerhalb von 24 Stunden per E-Mail mit der endg\u00fcltigen Best\u00e4tigung und den Anweisungen f\u00fcr den n\u00e4chsten Schritt kontaktieren.<\/strong><\/p>\t\t\t\t\t\t\t\t<\/div>\n\t\t\t\t<\/div>\n\t\t\t\t<div class=\"elementor-element elementor-element-49f2c62 elementor-widget elementor-widget-text-editor\" data-id=\"49f2c62\" data-element_type=\"widget\" data-e-type=\"widget\" data-widget_type=\"text-editor.default\">\n\t\t\t\t<div class=\"elementor-widget-container\">\n\t\t\t\t\t\t\t\t\t<div class=\"mphb_sc_booking_confirmation\"><\/div>\t\t\t\t\t\t\t\t<\/div>\n\t\t\t\t<\/div>\n\t\t\t\t\t<\/div>\n\t\t\t\t<\/div>\n\t\t\t\t<\/div>\n\t\t","protected":false},"excerpt":{"rendered":"<p>Vielen Dank f\u00fcr Ihre Buchungsanfrage. Wir haben Ihre Anfrage erhalten und werden die tats\u00e4chliche Verf\u00fcgbarkeit pr\u00fcfen.Wir werden Sie innerhalb von 24 Stunden per E-Mail mit der endg\u00fcltigen Best\u00e4tigung und den Anweisungen f\u00fcr den n\u00e4chsten Schritt kontaktieren.<\/p>\n","protected":false},"author":1,"featured_media":0,"parent":3189,"menu_order":0,"comment_status":"closed","ping_status":"closed","template":"","meta":{"footnotes":""},"class_list":["post-3156","page","type-page","status-publish","hentry"],"_links":{"self":[{"href":"https:\/\/bluvari.it\/de\/wp-json\/wp\/v2\/pages\/3156","targetHints":{"allow":["GET"]}}],"collection":[{"href":"https:\/\/bluvari.it\/de\/wp-json\/wp\/v2\/pages"}],"about":[{"href":"https:\/\/bluvari.it\/de\/wp-json\/wp\/v2\/types\/page"}],"author":[{"embeddable":true,"href":"https:\/\/bluvari.it\/de\/wp-json\/wp\/v2\/users\/1"}],"replies":[{"embeddable":true,"href":"https:\/\/bluvari.it\/de\/wp-json\/wp\/v2\/comments?post=3156"}],"version-history":[{"count":3,"href":"https:\/\/bluvari.it\/de\/wp-json\/wp\/v2\/pages\/3156\/revisions"}],"predecessor-version":[{"id":3295,"href":"https:\/\/bluvari.it\/de\/wp-json\/wp\/v2\/pages\/3156\/revisions\/3295"}],"up":[{"embeddable":true,"href":"https:\/\/bluvari.it\/de\/wp-json\/wp\/v2\/pages\/3189"}],"wp:attachment":[{"href":"https:\/\/bluvari.it\/de\/wp-json\/wp\/v2\/media?parent=3156"}],"curies":[{"name":"wp","href":"https:\/\/api.w.org\/{rel}","templated":true}]}}