{"id":2142,"date":"2023-05-12T10:22:08","date_gmt":"2023-05-12T10:22:08","guid":{"rendered":"https:\/\/bluvari.it\/histoire\/"},"modified":"2026-03-24T07:19:37","modified_gmt":"2026-03-24T07:19:37","slug":"histoire","status":"publish","type":"page","link":"https:\/\/bluvari.it\/fr\/histoire\/","title":{"rendered":"HISTOIRE"},"content":{"rendered":"\t\t<div data-elementor-type=\"wp-page\" data-elementor-id=\"2142\" class=\"elementor elementor-2142 elementor-474\" data-elementor-post-type=\"page\">\n\t\t\t\t<div class=\"elementor-element elementor-element-2de8ecc6 e-flex e-con-boxed e-con e-parent\" data-id=\"2de8ecc6\" data-element_type=\"container\" data-e-type=\"container\" data-settings=\"{&quot;background_background&quot;:&quot;classic&quot;}\">\n\t\t\t\t\t<div class=\"e-con-inner\">\n\t\t\t\t\t<\/div>\n\t\t\t\t<\/div>\n\t\t<div class=\"elementor-element elementor-element-7adf8b33 e-con-full e-flex e-con e-parent\" data-id=\"7adf8b33\" data-element_type=\"container\" data-e-type=\"container\">\n\t\t<div class=\"elementor-element elementor-element-53efcbb8 e-con-full e-flex e-con e-child\" data-id=\"53efcbb8\" data-element_type=\"container\" data-e-type=\"container\">\n\t\t\t\t<div class=\"elementor-element elementor-element-7d8cf186 elementor-hidden-tablet elementor-hidden-mobile_extra elementor-hidden-mobile elementor-widget elementor-widget-spacer\" data-id=\"7d8cf186\" data-element_type=\"widget\" data-e-type=\"widget\" data-widget_type=\"spacer.default\">\n\t\t\t\t<div class=\"elementor-widget-container\">\n\t\t\t\t\t\t\t<div class=\"elementor-spacer\">\n\t\t\t<div class=\"elementor-spacer-inner\"><\/div>\n\t\t<\/div>\n\t\t\t\t\t\t<\/div>\n\t\t\t\t<\/div>\n\t\t\t\t<div class=\"elementor-element elementor-element-6dc367ee elementor-widget elementor-widget-heading\" data-id=\"6dc367ee\" data-element_type=\"widget\" data-e-type=\"widget\" data-widget_type=\"heading.default\">\n\t\t\t\t<div class=\"elementor-widget-container\">\n\t\t\t\t\t<h1 class=\"elementor-heading-title elementor-size-default\">L'histoire<\/h1>\t\t\t\t<\/div>\n\t\t\t\t<\/div>\n\t\t\t\t<div class=\"elementor-element elementor-element-1ce6e441 elementor-widget-divider--view-line elementor-widget elementor-widget-divider\" data-id=\"1ce6e441\" data-element_type=\"widget\" data-e-type=\"widget\" data-widget_type=\"divider.default\">\n\t\t\t\t<div class=\"elementor-widget-container\">\n\t\t\t\t\t\t\t<div class=\"elementor-divider\">\n\t\t\t<span class=\"elementor-divider-separator\">\n\t\t\t\t\t\t<\/span>\n\t\t<\/div>\n\t\t\t\t\t\t<\/div>\n\t\t\t\t<\/div>\n\t\t\t\t<div class=\"elementor-element elementor-element-6c232057 elementor-widget elementor-widget-heading\" data-id=\"6c232057\" data-element_type=\"widget\" data-e-type=\"widget\" data-widget_type=\"heading.default\">\n\t\t\t\t<div class=\"elementor-widget-container\">\n\t\t\t\t\t<h2 class=\"elementor-heading-title elementor-size-default\">Un endroit charmant <br>avec un pass\u00e9 plein de charme<\/h2>\t\t\t\t<\/div>\n\t\t\t\t<\/div>\n\t\t\t\t<div class=\"elementor-element elementor-element-5a082292 elementor-widget elementor-widget-text-editor\" data-id=\"5a082292\" data-element_type=\"widget\" data-e-type=\"widget\" data-widget_type=\"text-editor.default\">\n\t\t\t\t<div class=\"elementor-widget-container\">\n\t\t\t\t\t\t\t\t\t<p>Bluvar\u00ec Charming House a une histoire s\u00e9culaire qui remonte \u00e0 la fin des ann\u00e9es 1800: elle est situ\u00e9e dans une position privil\u00e9gi\u00e9e entre les hauteurs d\u2019<strong>Alassio<\/strong>, \u00e0 380 m\u00e8tres d\u2019altitude, avec une vue incroyable sur la <strong>Baie du Soleil<\/strong> et l\u2019ancienne Torre del Vegliasco, typique fortification du XVIe si\u00e8cle, symbole de l\u2019histoire d\u2019Alassio.<\/p>\n<p>Nous avons choisi d\u2019appeler la maison \u00ab\u00a0<strong>Bluvar\u00ec<\/strong>\u00a0\u00bb pr\u00e9cis\u00e9ment pour c\u00e9l\u00e9brer le mariage parfait entre le terme \u00ab\u00a0Luvar\u00ec\u00a0\u00bb &#8211; nom de la r\u00e9gion qui l\u2019abrite &#8211; et le bleu intense de la mer qui s\u2019\u00e9tend \u00e0 perte de vue au pied des collines.<\/p>\n<p>Nous sommes dans un petit village pittoresque entour\u00e9 de ch\u00eanes, de h\u00eatres et de v\u00e9g\u00e9tation m\u00e9diterran\u00e9enne : probablement, la construction est l\u2019une des plus anciennes de la localit\u00e9.<\/p>\n<p>A l\u2019origine, Bluvar\u00ec Charming House \u00e9tait juste une petite <strong>maison<\/strong> pastorale et rurale en pierre et en bois, <strong>en style typiquement ligure<\/strong> utilis\u00e9 par les paysans et les bergers comme abri tant pour les personnes que pour les animaux pendant le p\u00e2turage et la r\u00e9colte des olives et du raisin qui se d\u00e9roulait dans les \u00ab\u00a0bandes\u00a0\u00bb (terrasses) environnantes.<\/p>\n\t\t\t\t\t\t\t\t<\/div>\n\t\t\t\t<\/div>\n\t\t\t\t<div class=\"elementor-element elementor-element-4c3dfea0 elementor-widget elementor-widget-button\" data-id=\"4c3dfea0\" data-element_type=\"widget\" data-e-type=\"widget\" data-widget_type=\"button.default\">\n\t\t\t\t<div class=\"elementor-widget-container\">\n\t\t\t\t\t\t\t\t\t<div class=\"elementor-button-wrapper\">\n\t\t\t\t\t<a class=\"elementor-button elementor-button-link elementor-size-sm elementor-animation-shrink\" href=\"https:\/\/bluvari.it\/fr\/reserver\/\" target=\"_blank\">\n\t\t\t\t\t\t<span class=\"elementor-button-content-wrapper\">\n\t\t\t\t\t\t\t\t\t<span class=\"elementor-button-text\">r\u00e9server<\/span>\n\t\t\t\t\t<\/span>\n\t\t\t\t\t<\/a>\n\t\t\t\t<\/div>\n\t\t\t\t\t\t\t\t<\/div>\n\t\t\t\t<\/div>\n\t\t\t\t<div class=\"elementor-element elementor-element-4166f5fd elementor-hidden-tablet elementor-hidden-mobile_extra elementor-hidden-mobile elementor-widget elementor-widget-spacer\" data-id=\"4166f5fd\" data-element_type=\"widget\" data-e-type=\"widget\" data-widget_type=\"spacer.default\">\n\t\t\t\t<div class=\"elementor-widget-container\">\n\t\t\t\t\t\t\t<div class=\"elementor-spacer\">\n\t\t\t<div class=\"elementor-spacer-inner\"><\/div>\n\t\t<\/div>\n\t\t\t\t\t\t<\/div>\n\t\t\t\t<\/div>\n\t\t\t\t<\/div>\n\t\t<div class=\"elementor-element elementor-element-2a6b9b52 e-con-full elementor-hidden-mobile e-flex e-con e-child\" data-id=\"2a6b9b52\" data-element_type=\"container\" data-e-type=\"container\" data-settings=\"{&quot;background_background&quot;:&quot;classic&quot;}\">\n\t\t\t\t<\/div>\n\t\t\t\t<\/div>\n\t\t<div class=\"elementor-element elementor-element-81b637b e-con-full e-flex e-con e-parent\" data-id=\"81b637b\" data-element_type=\"container\" data-e-type=\"container\" data-settings=\"{&quot;background_background&quot;:&quot;classic&quot;}\">\n\t\t\t\t<div class=\"elementor-element elementor-element-51dfc50b elementor-widget-mobile__width-inherit elementor-widget__width-initial elementor-widget elementor-widget-heading\" data-id=\"51dfc50b\" data-element_type=\"widget\" data-e-type=\"widget\" data-widget_type=\"heading.default\">\n\t\t\t\t<div class=\"elementor-widget-container\">\n\t\t\t\t\t<h2 class=\"elementor-heading-title elementor-size-default\">Modernit\u00e9 et tradition<\/h2>\t\t\t\t<\/div>\n\t\t\t\t<\/div>\n\t\t\t\t<\/div>\n\t\t<div class=\"elementor-element elementor-element-cbd2786 e-con-full e-flex e-con e-parent\" data-id=\"cbd2786\" data-element_type=\"container\" data-e-type=\"container\">\n\t\t<div class=\"elementor-element elementor-element-55851e3 e-con-full elementor-hidden-mobile e-flex e-con e-child\" data-id=\"55851e3\" data-element_type=\"container\" data-e-type=\"container\" data-settings=\"{&quot;background_background&quot;:&quot;classic&quot;}\">\n\t\t\t\t<\/div>\n\t\t<div class=\"elementor-element elementor-element-2c906cbf e-con-full e-flex e-con e-child\" data-id=\"2c906cbf\" data-element_type=\"container\" data-e-type=\"container\">\n\t\t\t\t<div class=\"elementor-element elementor-element-4f4f0a6a elementor-hidden-tablet elementor-hidden-mobile_extra elementor-hidden-mobile elementor-widget elementor-widget-spacer\" data-id=\"4f4f0a6a\" data-element_type=\"widget\" data-e-type=\"widget\" data-widget_type=\"spacer.default\">\n\t\t\t\t<div class=\"elementor-widget-container\">\n\t\t\t\t\t\t\t<div class=\"elementor-spacer\">\n\t\t\t<div class=\"elementor-spacer-inner\"><\/div>\n\t\t<\/div>\n\t\t\t\t\t\t<\/div>\n\t\t\t\t<\/div>\n\t\t\t\t<div class=\"elementor-element elementor-element-43789f96 elementor-widget__width-initial elementor-widget-mobile_extra__width-inherit elementor-widget elementor-widget-heading\" data-id=\"43789f96\" data-element_type=\"widget\" data-e-type=\"widget\" data-widget_type=\"heading.default\">\n\t\t\t\t<div class=\"elementor-widget-container\">\n\t\t\t\t\t<h2 class=\"elementor-heading-title elementor-size-default\">Une ancienne ferme en style ligure surplombant la mer et immerg\u00e9 dans la campagne et les oliviers<\/h2>\t\t\t\t<\/div>\n\t\t\t\t<\/div>\n\t\t\t\t<div class=\"elementor-element elementor-element-46ff52f6 elementor-widget-divider--view-line elementor-widget elementor-widget-divider\" data-id=\"46ff52f6\" data-element_type=\"widget\" data-e-type=\"widget\" data-widget_type=\"divider.default\">\n\t\t\t\t<div class=\"elementor-widget-container\">\n\t\t\t\t\t\t\t<div class=\"elementor-divider\">\n\t\t\t<span class=\"elementor-divider-separator\">\n\t\t\t\t\t\t<\/span>\n\t\t<\/div>\n\t\t\t\t\t\t<\/div>\n\t\t\t\t<\/div>\n\t\t\t\t<div class=\"elementor-element elementor-element-121d31a8 elementor-widget elementor-widget-text-editor\" data-id=\"121d31a8\" data-element_type=\"widget\" data-e-type=\"widget\" data-widget_type=\"text-editor.default\">\n\t\t\t\t<div class=\"elementor-widget-container\">\n\t\t\t\t\t\t\t\t\t<p>La propri\u00e9t\u00e9 comprend un <strong>terrain en terrasses<\/strong> d\u2019environ 3500 m\u00e8tres carr\u00e9s, gr\u00e2ce \u00e0 la position particuli\u00e8rement favorable (ensoleill\u00e9e toute l\u2019ann\u00e9e et \u00e0 l\u2019abri du vent) \u00e0 la culture de l\u2019olivier, de la vigne, des arbres fruitiers et des l\u00e9gumes.<\/p>\n<p>\u00c0 ce jour, nous avons r\u00e9cup\u00e9r\u00e9 l\u2019<strong>oliveraie<\/strong>, avec ces m\u00eames plantes qui &#8211; il y a maintenant pr\u00e8s de deux si\u00e8cles &#8211; donnaient leurs fruits pour produire une huile d\u2019olive vierge extra pr\u00e9cieuse. Nous avons r\u00e9alis\u00e9 une <strong>lavandeto<\/strong>, une <strong>plantation d\u2019agrumes<\/strong> et nous avons redonn\u00e9 vie au <strong>vignoble<\/strong> qui va bient\u00f4t remonter sur les rang\u00e9es et les pergolas.<\/p>\n<p>Nous \u00e9tions passionn\u00e9s par l\u2019id\u00e9e que cette construction de plus de 150 ans rena\u00eet \u00e0 une nouvelle vie: c\u2019est pourquoi nous l\u2019avons compl\u00e8tement <strong>restructur\u00e9e<\/strong> avec une <strong>empreinte verte<\/strong>, mais sans oublier son histoire.<\/p>\n<p>Nous avons voulu respecter la <strong>beaut\u00e9 rustique<\/strong> de la maison, son architecture et les mat\u00e9riaux originaux en ins\u00e9rant dans la restauration de nombreux \u00e9l\u00e9ments en pierre locale, ardoise, fer et bois r\u00e9cup\u00e9r\u00e9s de l\u2019ancienne propri\u00e9t\u00e9, afin de fusionner modernit\u00e9 et <strong>atmosph\u00e8re suggestive de la tradition<\/strong>.<\/p>\n\t\t\t\t\t\t\t\t<\/div>\n\t\t\t\t<\/div>\n\t\t\t\t<div class=\"elementor-element elementor-element-bbdae18 elementor-widget elementor-widget-text-editor\" data-id=\"bbdae18\" data-element_type=\"widget\" data-e-type=\"widget\" data-widget_type=\"text-editor.default\">\n\t\t\t\t<div class=\"elementor-widget-container\">\n\t\t\t\t\t\t\t\t\t<p><a href=\"https:\/\/bluvari.it\/fr\/maison\/\">d\u00e9couvrir la maison &gt;&gt;<\/a><\/p>\n\t\t\t\t\t\t\t\t<\/div>\n\t\t\t\t<\/div>\n\t\t\t\t<div class=\"elementor-element elementor-element-6cac5f86 elementor-hidden-tablet elementor-hidden-mobile_extra elementor-hidden-mobile elementor-widget elementor-widget-spacer\" data-id=\"6cac5f86\" data-element_type=\"widget\" data-e-type=\"widget\" data-widget_type=\"spacer.default\">\n\t\t\t\t<div class=\"elementor-widget-container\">\n\t\t\t\t\t\t\t<div class=\"elementor-spacer\">\n\t\t\t<div class=\"elementor-spacer-inner\"><\/div>\n\t\t<\/div>\n\t\t\t\t\t\t<\/div>\n\t\t\t\t<\/div>\n\t\t\t\t<\/div>\n\t\t\t\t<\/div>\n\t\t<div class=\"elementor-element elementor-element-7b09ef9b e-con-full elementor-hidden-desktop elementor-hidden-laptop elementor-hidden-tablet_extra elementor-hidden-tablet elementor-hidden-mobile_extra e-flex e-con e-parent\" data-id=\"7b09ef9b\" data-element_type=\"container\" data-e-type=\"container\" data-settings=\"{&quot;background_background&quot;:&quot;classic&quot;}\">\n\t\t\t\t<div class=\"elementor-element elementor-element-6f9beab7 elementor-widget elementor-widget-spacer\" data-id=\"6f9beab7\" data-element_type=\"widget\" data-e-type=\"widget\" data-widget_type=\"spacer.default\">\n\t\t\t\t<div class=\"elementor-widget-container\">\n\t\t\t\t\t\t\t<div class=\"elementor-spacer\">\n\t\t\t<div class=\"elementor-spacer-inner\"><\/div>\n\t\t<\/div>\n\t\t\t\t\t\t<\/div>\n\t\t\t\t<\/div>\n\t\t\t\t<\/div>\n\t\t<div class=\"elementor-element elementor-element-75ddffb e-con-full e-flex e-con e-parent\" data-id=\"75ddffb\" data-element_type=\"container\" data-e-type=\"container\" data-settings=\"{&quot;background_background&quot;:&quot;classic&quot;}\">\n\t\t<div class=\"elementor-element elementor-element-5d9c949a e-con-full e-flex e-con e-child\" data-id=\"5d9c949a\" data-element_type=\"container\" data-e-type=\"container\">\n\t\t\t\t<div class=\"elementor-element elementor-element-37c7e564 elementor-hidden-tablet elementor-hidden-mobile_extra elementor-hidden-mobile elementor-widget elementor-widget-spacer\" data-id=\"37c7e564\" data-element_type=\"widget\" data-e-type=\"widget\" data-widget_type=\"spacer.default\">\n\t\t\t\t<div class=\"elementor-widget-container\">\n\t\t\t\t\t\t\t<div class=\"elementor-spacer\">\n\t\t\t<div class=\"elementor-spacer-inner\"><\/div>\n\t\t<\/div>\n\t\t\t\t\t\t<\/div>\n\t\t\t\t<\/div>\n\t\t\t\t<div class=\"elementor-element elementor-element-34c51af8 elementor-widget__width-initial elementor-widget-mobile_extra__width-inherit elementor-widget elementor-widget-heading\" data-id=\"34c51af8\" data-element_type=\"widget\" data-e-type=\"widget\" data-widget_type=\"heading.default\">\n\t\t\t\t<div class=\"elementor-widget-container\">\n\t\t\t\t\t<h2 class=\"elementor-heading-title elementor-size-default\">Entre modernit\u00e9 et tradition, une construction ancienne revigor\u00e9e avec une empreinte verte<\/h2>\t\t\t\t<\/div>\n\t\t\t\t<\/div>\n\t\t\t\t<div class=\"elementor-element elementor-element-a92fc9e elementor-widget-divider--view-line elementor-widget elementor-widget-divider\" data-id=\"a92fc9e\" data-element_type=\"widget\" data-e-type=\"widget\" data-widget_type=\"divider.default\">\n\t\t\t\t<div class=\"elementor-widget-container\">\n\t\t\t\t\t\t\t<div class=\"elementor-divider\">\n\t\t\t<span class=\"elementor-divider-separator\">\n\t\t\t\t\t\t<\/span>\n\t\t<\/div>\n\t\t\t\t\t\t<\/div>\n\t\t\t\t<\/div>\n\t\t\t\t<div class=\"elementor-element elementor-element-40751880 elementor-widget elementor-widget-text-editor\" data-id=\"40751880\" data-element_type=\"widget\" data-e-type=\"widget\" data-widget_type=\"text-editor.default\">\n\t\t\t\t<div class=\"elementor-widget-container\">\n\t\t\t\t\t\t\t\t\t<p>Nous avons restaur\u00e9 des <strong>objets anciens<\/strong> tels que la baignoire en pierre, le cadran solaire, les masques en terre cuite et en pierre, les jarres et quelques meubles : le grand terrain en terrasses abrite \u00e9galement deux vieux puits en pierre immerg\u00e9s dans la v\u00e9g\u00e9tation.<\/p>\n<p>Pour la porte d\u2019entr\u00e9e et les volets, nous avons choisi le <strong>bleu<\/strong> parce que typique des fen\u00eatres color\u00e9es de la tradition ligure et parce que nous aimions la combinaison avec la couleur du ciel et de la mer.<\/p>\n<p>Bluvar\u00ec Charming House est aujourd\u2019hui une demeure de luxe qui conserve le <strong>charme ancien du rustique<\/strong>, mais dot\u00e9e de tout le confort moderne et de solutions \u00e9cologiques de derni\u00e8re g\u00e9n\u00e9ration.<\/p>\n\t\t\t\t\t\t\t\t<\/div>\n\t\t\t\t<\/div>\n\t\t\t\t<div class=\"elementor-element elementor-element-449913aa elementor-hidden-tablet elementor-hidden-mobile_extra elementor-hidden-mobile elementor-widget elementor-widget-spacer\" data-id=\"449913aa\" data-element_type=\"widget\" data-e-type=\"widget\" data-widget_type=\"spacer.default\">\n\t\t\t\t<div class=\"elementor-widget-container\">\n\t\t\t\t\t\t\t<div class=\"elementor-spacer\">\n\t\t\t<div class=\"elementor-spacer-inner\"><\/div>\n\t\t<\/div>\n\t\t\t\t\t\t<\/div>\n\t\t\t\t<\/div>\n\t\t\t\t<\/div>\n\t\t<div class=\"elementor-element elementor-element-6790eb37 e-con-full e-flex e-con e-child\" data-id=\"6790eb37\" data-element_type=\"container\" data-e-type=\"container\" data-settings=\"{&quot;background_background&quot;:&quot;classic&quot;}\">\n\t\t\t\t<div class=\"elementor-element elementor-element-76460a37 elementor-hidden-desktop elementor-hidden-laptop elementor-hidden-tablet_extra elementor-hidden-tablet elementor-hidden-mobile_extra elementor-widget elementor-widget-spacer\" data-id=\"76460a37\" data-element_type=\"widget\" data-e-type=\"widget\" data-widget_type=\"spacer.default\">\n\t\t\t\t<div class=\"elementor-widget-container\">\n\t\t\t\t\t\t\t<div class=\"elementor-spacer\">\n\t\t\t<div class=\"elementor-spacer-inner\"><\/div>\n\t\t<\/div>\n\t\t\t\t\t\t<\/div>\n\t\t\t\t<\/div>\n\t\t\t\t<\/div>\n\t\t\t\t<\/div>\n\t\t<div class=\"elementor-element elementor-element-08b5cae e-con-full e-flex e-con e-parent\" data-id=\"08b5cae\" data-element_type=\"container\" data-e-type=\"container\">\n\t\t<div class=\"elementor-element elementor-element-49771c5 e-con-full e-flex e-con e-child\" data-id=\"49771c5\" data-element_type=\"container\" data-e-type=\"container\">\n\t\t\t\t<div class=\"elementor-element elementor-element-c0592a4 gallery-spacing-custom elementor-invisible elementor-widget elementor-widget-image-gallery\" data-id=\"c0592a4\" data-element_type=\"widget\" data-e-type=\"widget\" data-settings=\"{&quot;_animation&quot;:&quot;fadeIn&quot;}\" data-widget_type=\"image-gallery.default\">\n\t\t\t\t<div class=\"elementor-widget-container\">\n\t\t\t\t\t\t\t<div class=\"elementor-image-gallery\">\n\t\t\t<div id='gallery-1' class='gallery galleryid-2142 gallery-columns-4 gallery-size-full'><figure class='gallery-item'>\n\t\t\t<div class='gallery-icon portrait'>\n\t\t\t\t<a data-elementor-open-lightbox=\"yes\" data-elementor-lightbox-slideshow=\"c0592a4\" data-e-action-hash=\"#elementor-action%3Aaction%3Dlightbox%26settings%3DeyJpZCI6MTk3NywidXJsIjoiaHR0cHM6XC9cL2JsdXZhcmkuaXRcL3dwLWNvbnRlbnRcL3VwbG9hZHNcLzIwMjNcLzA5XC9CbHV2YXJpLWdhbGxlcnktc3RvcmlhLmpwZyIsInNsaWRlc2hvdyI6ImMwNTkyYTQifQ%3D%3D\" href='https:\/\/bluvari.it\/wp-content\/uploads\/2023\/09\/Bluvari-gallery-storia.jpg'><img fetchpriority=\"high\" decoding=\"async\" width=\"800\" height=\"1200\" src=\"https:\/\/bluvari.it\/wp-content\/uploads\/2023\/09\/Bluvari-gallery-storia.jpg\" class=\"attachment-full size-full\" alt=\"\" srcset=\"https:\/\/bluvari.it\/wp-content\/uploads\/2023\/09\/Bluvari-gallery-storia.jpg 800w, https:\/\/bluvari.it\/wp-content\/uploads\/2023\/09\/Bluvari-gallery-storia-200x300.jpg 200w, https:\/\/bluvari.it\/wp-content\/uploads\/2023\/09\/Bluvari-gallery-storia-683x1024.jpg 683w, https:\/\/bluvari.it\/wp-content\/uploads\/2023\/09\/Bluvari-gallery-storia-768x1152.jpg 768w\" sizes=\"(max-width: 800px) 100vw, 800px\" loading=\"eager\" \/><\/a>\n\t\t\t<\/div><\/figure><figure class='gallery-item'>\n\t\t\t<div class='gallery-icon portrait'>\n\t\t\t\t<a data-elementor-open-lightbox=\"yes\" data-elementor-lightbox-slideshow=\"c0592a4\" data-e-action-hash=\"#elementor-action%3Aaction%3Dlightbox%26settings%3DeyJpZCI6MTk3MSwidXJsIjoiaHR0cHM6XC9cL2JsdXZhcmkuaXRcL3dwLWNvbnRlbnRcL3VwbG9hZHNcLzIwMjNcLzA5XC9CbHV2YXJpLWdhbGxlcnktc3RvcmlhMy5qcGciLCJzbGlkZXNob3ciOiJjMDU5MmE0In0%3D\" href='https:\/\/bluvari.it\/wp-content\/uploads\/2023\/09\/Bluvari-gallery-storia3.jpg'><img decoding=\"async\" width=\"800\" height=\"1200\" src=\"https:\/\/bluvari.it\/wp-content\/uploads\/2023\/09\/Bluvari-gallery-storia3.jpg\" class=\"attachment-full size-full\" alt=\"\" srcset=\"https:\/\/bluvari.it\/wp-content\/uploads\/2023\/09\/Bluvari-gallery-storia3.jpg 800w, https:\/\/bluvari.it\/wp-content\/uploads\/2023\/09\/Bluvari-gallery-storia3-200x300.jpg 200w, https:\/\/bluvari.it\/wp-content\/uploads\/2023\/09\/Bluvari-gallery-storia3-683x1024.jpg 683w, https:\/\/bluvari.it\/wp-content\/uploads\/2023\/09\/Bluvari-gallery-storia3-768x1152.jpg 768w\" sizes=\"(max-width: 800px) 100vw, 800px\" loading=\"eager\" \/><\/a>\n\t\t\t<\/div><\/figure><figure class='gallery-item'>\n\t\t\t<div class='gallery-icon portrait'>\n\t\t\t\t<a data-elementor-open-lightbox=\"yes\" data-elementor-lightbox-slideshow=\"c0592a4\" data-e-action-hash=\"#elementor-action%3Aaction%3Dlightbox%26settings%3DeyJpZCI6MjA0MywidXJsIjoiaHR0cHM6XC9cL2JsdXZhcmkuaXRcL3dwLWNvbnRlbnRcL3VwbG9hZHNcLzIwMjNcLzEwXC9CbHV2YXJpLW51bWVyby5qcGciLCJzbGlkZXNob3ciOiJjMDU5MmE0In0%3D\" href='https:\/\/bluvari.it\/wp-content\/uploads\/2023\/10\/Bluvari-numero.jpg'><img decoding=\"async\" width=\"800\" height=\"1200\" src=\"https:\/\/bluvari.it\/wp-content\/uploads\/2023\/10\/Bluvari-numero.jpg\" class=\"attachment-full size-full\" alt=\"\" srcset=\"https:\/\/bluvari.it\/wp-content\/uploads\/2023\/10\/Bluvari-numero.jpg 800w, https:\/\/bluvari.it\/wp-content\/uploads\/2023\/10\/Bluvari-numero-200x300.jpg 200w, https:\/\/bluvari.it\/wp-content\/uploads\/2023\/10\/Bluvari-numero-683x1024.jpg 683w, https:\/\/bluvari.it\/wp-content\/uploads\/2023\/10\/Bluvari-numero-768x1152.jpg 768w\" sizes=\"(max-width: 800px) 100vw, 800px\" loading=\"eager\" \/><\/a>\n\t\t\t<\/div><\/figure><figure class='gallery-item'>\n\t\t\t<div class='gallery-icon portrait'>\n\t\t\t\t<a data-elementor-open-lightbox=\"yes\" data-elementor-lightbox-slideshow=\"c0592a4\" data-e-action-hash=\"#elementor-action%3Aaction%3Dlightbox%26settings%3DeyJpZCI6MjA0NiwidXJsIjoiaHR0cHM6XC9cL2JsdXZhcmkuaXRcL3dwLWNvbnRlbnRcL3VwbG9hZHNcLzIwMjNcLzEwXC9CbHV2YXJpLWRldHRhZ2xpLXRlcnJhenphLmpwZyIsInNsaWRlc2hvdyI6ImMwNTkyYTQifQ%3D%3D\" href='https:\/\/bluvari.it\/wp-content\/uploads\/2023\/10\/Bluvari-dettagli-terrazza.jpg'><img decoding=\"async\" width=\"800\" height=\"1200\" src=\"https:\/\/bluvari.it\/wp-content\/uploads\/2023\/10\/Bluvari-dettagli-terrazza.jpg\" class=\"attachment-full size-full\" alt=\"\" srcset=\"https:\/\/bluvari.it\/wp-content\/uploads\/2023\/10\/Bluvari-dettagli-terrazza.jpg 800w, https:\/\/bluvari.it\/wp-content\/uploads\/2023\/10\/Bluvari-dettagli-terrazza-200x300.jpg 200w, https:\/\/bluvari.it\/wp-content\/uploads\/2023\/10\/Bluvari-dettagli-terrazza-683x1024.jpg 683w, https:\/\/bluvari.it\/wp-content\/uploads\/2023\/10\/Bluvari-dettagli-terrazza-768x1152.jpg 768w\" sizes=\"(max-width: 800px) 100vw, 800px\" loading=\"eager\" \/><\/a>\n\t\t\t<\/div><\/figure>\n\t\t<\/div>\n\t\t<\/div>\n\t\t\t\t\t\t<\/div>\n\t\t\t\t<\/div>\n\t\t\t\t<\/div>\n\t\t\t\t<\/div>\n\t\t\t\t<\/div>\n\t\t","protected":false},"excerpt":{"rendered":"<p>L&rsquo;histoire Un endroit charmant avec un pass\u00e9 plein de charme Bluvar\u00ec Charming House a une histoire s\u00e9culaire qui remonte \u00e0 la fin des ann\u00e9es 1800: elle est situ\u00e9e dans une position privil\u00e9gi\u00e9e entre les hauteurs d\u2019Alassio, \u00e0 380 m\u00e8tres d\u2019altitude, avec une vue incroyable sur la Baie du Soleil et l\u2019ancienne Torre del Vegliasco, typique [&hellip;]<\/p>\n","protected":false},"author":2,"featured_media":0,"parent":0,"menu_order":0,"comment_status":"closed","ping_status":"closed","template":"","meta":{"footnotes":""},"class_list":["post-2142","page","type-page","status-publish","hentry"],"_links":{"self":[{"href":"https:\/\/bluvari.it\/fr\/wp-json\/wp\/v2\/pages\/2142","targetHints":{"allow":["GET"]}}],"collection":[{"href":"https:\/\/bluvari.it\/fr\/wp-json\/wp\/v2\/pages"}],"about":[{"href":"https:\/\/bluvari.it\/fr\/wp-json\/wp\/v2\/types\/page"}],"author":[{"embeddable":true,"href":"https:\/\/bluvari.it\/fr\/wp-json\/wp\/v2\/users\/2"}],"replies":[{"embeddable":true,"href":"https:\/\/bluvari.it\/fr\/wp-json\/wp\/v2\/comments?post=2142"}],"version-history":[{"count":3,"href":"https:\/\/bluvari.it\/fr\/wp-json\/wp\/v2\/pages\/2142\/revisions"}],"predecessor-version":[{"id":3427,"href":"https:\/\/bluvari.it\/fr\/wp-json\/wp\/v2\/pages\/2142\/revisions\/3427"}],"wp:attachment":[{"href":"https:\/\/bluvari.it\/fr\/wp-json\/wp\/v2\/media?parent=2142"}],"curies":[{"name":"wp","href":"https:\/\/api.w.org\/{rel}","templated":true}]}}