{"id":3153,"date":"2026-02-03T10:39:05","date_gmt":"2026-02-03T10:39:05","guid":{"rendered":"https:\/\/bluvari.it\/reservation-recue\/"},"modified":"2026-03-06T13:26:25","modified_gmt":"2026-03-06T13:26:25","slug":"reservation-recue","status":"publish","type":"page","link":"https:\/\/bluvari.it\/fr\/confirmation-de-reservation\/reservation-recue\/","title":{"rendered":"R\u00e9servation re\u00e7ue"},"content":{"rendered":"\t\t<div data-elementor-type=\"wp-page\" data-elementor-id=\"3153\" class=\"elementor elementor-3153 elementor-2781\" data-elementor-post-type=\"page\">\n\t\t\t\t<div class=\"elementor-element elementor-element-2b99b834 e-flex e-con-boxed e-con e-parent\" data-id=\"2b99b834\" data-element_type=\"container\" data-e-type=\"container\">\n\t\t\t\t\t<div class=\"e-con-inner\">\n\t\t\t\t<div class=\"elementor-element elementor-element-7d85aee elementor-widget elementor-widget-heading\" data-id=\"7d85aee\" data-element_type=\"widget\" data-e-type=\"widget\" data-widget_type=\"heading.default\">\n\t\t\t\t<div class=\"elementor-widget-container\">\n\t\t\t\t\t<h2 class=\"elementor-heading-title elementor-size-default\">Merci pour votre demande de r\u00e9servation.<\/h2>\t\t\t\t<\/div>\n\t\t\t\t<\/div>\n\t\t\t\t<div class=\"elementor-element elementor-element-1c99c0e elementor-widget elementor-widget-text-editor\" data-id=\"1c99c0e\" data-element_type=\"widget\" data-e-type=\"widget\" data-widget_type=\"text-editor.default\">\n\t\t\t\t<div class=\"elementor-widget-container\">\n\t\t\t\t\t\t\t\t\t<p>Nous avons bien re\u00e7u votre demande et proc\u00e9derons \u00e0 la v\u00e9rification de la disponibilit\u00e9 r\u00e9elle.<br \/><strong>Nous vous contacterons dans les 24 heures par e-mail avec la confirmation d\u00e9finitive et les instructions pour la prochaine \u00e9tape.<\/strong><\/p>\t\t\t\t\t\t\t\t<\/div>\n\t\t\t\t<\/div>\n\t\t\t\t<div class=\"elementor-element elementor-element-49f2c62 elementor-widget elementor-widget-text-editor\" data-id=\"49f2c62\" data-element_type=\"widget\" data-e-type=\"widget\" data-widget_type=\"text-editor.default\">\n\t\t\t\t<div class=\"elementor-widget-container\">\n\t\t\t\t\t\t\t\t\t<div class=\"mphb_sc_booking_confirmation\"><\/div>\t\t\t\t\t\t\t\t<\/div>\n\t\t\t\t<\/div>\n\t\t\t\t\t<\/div>\n\t\t\t\t<\/div>\n\t\t\t\t<\/div>\n\t\t","protected":false},"excerpt":{"rendered":"<p>Merci pour votre demande de r\u00e9servation. Nous avons bien re\u00e7u votre demande et proc\u00e9derons \u00e0 la v\u00e9rification de la disponibilit\u00e9 r\u00e9elle.Nous vous contacterons dans les 24 heures par e-mail avec la confirmation d\u00e9finitive et les instructions pour la prochaine \u00e9tape.<\/p>\n","protected":false},"author":1,"featured_media":0,"parent":3186,"menu_order":0,"comment_status":"closed","ping_status":"closed","template":"","meta":{"footnotes":""},"class_list":["post-3153","page","type-page","status-publish","hentry"],"_links":{"self":[{"href":"https:\/\/bluvari.it\/fr\/wp-json\/wp\/v2\/pages\/3153","targetHints":{"allow":["GET"]}}],"collection":[{"href":"https:\/\/bluvari.it\/fr\/wp-json\/wp\/v2\/pages"}],"about":[{"href":"https:\/\/bluvari.it\/fr\/wp-json\/wp\/v2\/types\/page"}],"author":[{"embeddable":true,"href":"https:\/\/bluvari.it\/fr\/wp-json\/wp\/v2\/users\/1"}],"replies":[{"embeddable":true,"href":"https:\/\/bluvari.it\/fr\/wp-json\/wp\/v2\/comments?post=3153"}],"version-history":[{"count":3,"href":"https:\/\/bluvari.it\/fr\/wp-json\/wp\/v2\/pages\/3153\/revisions"}],"predecessor-version":[{"id":3298,"href":"https:\/\/bluvari.it\/fr\/wp-json\/wp\/v2\/pages\/3153\/revisions\/3298"}],"up":[{"embeddable":true,"href":"https:\/\/bluvari.it\/fr\/wp-json\/wp\/v2\/pages\/3186"}],"wp:attachment":[{"href":"https:\/\/bluvari.it\/fr\/wp-json\/wp\/v2\/media?parent=3153"}],"curies":[{"name":"wp","href":"https:\/\/api.w.org\/{rel}","templated":true}]}}